{"id":1557,"date":"2021-02-04T12:57:24","date_gmt":"2021-02-04T11:57:24","guid":{"rendered":"https:\/\/romainlangasque.com\/?page_id=1557"},"modified":"2024-02-01T16:05:38","modified_gmt":"2024-02-01T15:05:38","slug":"carriere","status":"publish","type":"page","link":"https:\/\/romainlangasque.com\/en\/carriere\/","title":{"rendered":"Career"},"content":{"rendered":"<div data-elementor-type=\"wp-page\" data-elementor-id=\"1557\" class=\"elementor elementor-1557\" data-elementor-settings=\"[]\">\n\t\t\t\t\t\t\t<div class=\"elementor-section-wrap\">\n\t\t\t\t\t\t\t<section class=\"elementor-section elementor-top-section elementor-element elementor-element-37103f5 elementor-section-boxed elementor-section-height-default elementor-section-height-default\" data-id=\"37103f5\" data-element_type=\"section\">\n\t\t\t\t\t\t<div class=\"elementor-container elementor-column-gap-default\">\n\t\t\t\t\t<div class=\"elementor-column elementor-col-100 elementor-top-column elementor-element elementor-element-11cd731\" data-id=\"11cd731\" data-element_type=\"column\">\n\t\t\t<div class=\"elementor-widget-wrap elementor-element-populated\">\n\t\t\t\t\t\t\t\t<section class=\"elementor-section elementor-inner-section elementor-element elementor-element-545a4ee elementor-section-boxed elementor-section-height-default elementor-section-height-default\" data-id=\"545a4ee\" data-element_type=\"section\">\n\t\t\t\t\t\t<div class=\"elementor-container elementor-column-gap-default\">\n\t\t\t\t\t<div class=\"elementor-column elementor-col-100 elementor-inner-column elementor-element elementor-element-2f5742d\" data-id=\"2f5742d\" data-element_type=\"column\">\n\t\t\t<div class=\"elementor-widget-wrap elementor-element-populated\">\n\t\t\t\t\t\t\t\t<div class=\"elementor-element elementor-element-c685cd8 elementor-widget elementor-widget-heading\" data-id=\"c685cd8\" data-element_type=\"widget\" data-widget_type=\"heading.default\">\n\t\t\t\t<div class=\"elementor-widget-container\">\n\t\t\t<h2 class=\"elementor-heading-title elementor-size-xxl\">Early life<\/h2>\t\t<\/div>\n\t\t\t\t<\/div>\n\t\t\t\t<div class=\"elementor-element elementor-element-7290d25 elementor-widget-divider--view-line elementor-widget elementor-widget-divider\" data-id=\"7290d25\" data-element_type=\"widget\" data-widget_type=\"divider.default\">\n\t\t\t\t<div class=\"elementor-widget-container\">\n\t\t\t\t\t<div class=\"elementor-divider\">\n\t\t\t<span class=\"elementor-divider-separator\">\n\t\t\t\t\t\t<\/span>\n\t\t<\/div>\n\t\t\t\t<\/div>\n\t\t\t\t<\/div>\n\t\t\t\t<div class=\"elementor-element elementor-element-c72fca5 elementor-widget elementor-widget-text-editor\" data-id=\"c72fca5\" data-element_type=\"widget\" data-widget_type=\"text-editor.default\">\n\t\t\t\t<div class=\"elementor-widget-container\">\n\t\t\t\t\t<div class=\"elementor-text-editor elementor-clearfix\"><p>Romain\u2019s dad introduced him to golf when he was 2 years old and he got the golfing bug from the start. He made his first par at 4 and had his first handicap by 5.<\/p><p>He started to practice as much as possible at Saint Donat Golf Club in Grasse (South France) with coach Phillipe Lavron until the age of 13. He then spent 5 years as part of the French Federation training squads under the coaching of Matthieu Santerre for three years and then Cyril Gouyon for two while he got his baccalaureate STMG with honours.<\/p><\/div>\n\t\t\t\t<\/div>\n\t\t\t\t<\/div>\n\t\t\t\t\t<\/div>\n\t\t<\/div>\n\t\t\t\t\t\t\t<\/div>\n\t\t<\/section>\n\t\t\t\t<section class=\"elementor-section elementor-inner-section elementor-element elementor-element-5fc99ec elementor-section-boxed elementor-section-height-default elementor-section-height-default\" data-id=\"5fc99ec\" data-element_type=\"section\">\n\t\t\t\t\t\t<div class=\"elementor-container elementor-column-gap-default\">\n\t\t\t\t\t<div class=\"elementor-column elementor-col-100 elementor-inner-column elementor-element elementor-element-955a516\" data-id=\"955a516\" data-element_type=\"column\">\n\t\t\t<div class=\"elementor-widget-wrap elementor-element-populated\">\n\t\t\t\t\t\t\t\t<div class=\"elementor-element elementor-element-64da1d5 elementor-widget elementor-widget-heading\" data-id=\"64da1d5\" data-element_type=\"widget\" data-widget_type=\"heading.default\">\n\t\t\t\t<div class=\"elementor-widget-container\">\n\t\t\t<h2 class=\"elementor-heading-title elementor-size-xxl\">Amateur career<\/h2>\t\t<\/div>\n\t\t\t\t<\/div>\n\t\t\t\t<div class=\"elementor-element elementor-element-f3d7da0 elementor-widget-divider--view-line elementor-widget elementor-widget-divider\" data-id=\"f3d7da0\" data-element_type=\"widget\" data-widget_type=\"divider.default\">\n\t\t\t\t<div class=\"elementor-widget-container\">\n\t\t\t\t\t<div class=\"elementor-divider\">\n\t\t\t<span class=\"elementor-divider-separator\">\n\t\t\t\t\t\t<\/span>\n\t\t<\/div>\n\t\t\t\t<\/div>\n\t\t\t\t<\/div>\n\t\t\t\t<div class=\"elementor-element elementor-element-bedcd65 elementor-widget elementor-widget-text-editor\" data-id=\"bedcd65\" data-element_type=\"widget\" data-widget_type=\"text-editor.default\">\n\t\t\t\t<div class=\"elementor-widget-container\">\n\t\t\t\t\t<div class=\"elementor-text-editor elementor-clearfix\"><p>Romain recorded eight major amateur victories in a stellar amateur career. He won the Spanish International in 2016 and most notably won the Amateur Championship in 2015.<br \/><br \/>This victory gained him entry to the Open at St Andrews where he made the cut (T65). He then became the first French Amateur to make the cut at the Masters in 2016. His back nine 31 on the Sunday also tied the record for the lowest back nine score by an amateur in Masters history and he came tied for 39th.<br \/><br \/>He turned professional in April 2016 as the #4 ranked Amateur in the world.<\/p><\/div>\n\t\t\t\t<\/div>\n\t\t\t\t<\/div>\n\t\t\t\t\t<\/div>\n\t\t<\/div>\n\t\t\t\t\t\t\t<\/div>\n\t\t<\/section>\n\t\t\t\t<section class=\"elementor-section elementor-inner-section elementor-element elementor-element-9556d9e elementor-section-boxed elementor-section-height-default elementor-section-height-default\" data-id=\"9556d9e\" data-element_type=\"section\">\n\t\t\t\t\t\t<div class=\"elementor-container elementor-column-gap-default\">\n\t\t\t\t\t<div class=\"elementor-column elementor-col-100 elementor-inner-column elementor-element elementor-element-4cf9ba0\" data-id=\"4cf9ba0\" data-element_type=\"column\">\n\t\t\t<div class=\"elementor-widget-wrap elementor-element-populated\">\n\t\t\t\t\t\t\t\t<div class=\"elementor-element elementor-element-35cd89d elementor-widget elementor-widget-heading\" data-id=\"35cd89d\" data-element_type=\"widget\" data-widget_type=\"heading.default\">\n\t\t\t\t<div class=\"elementor-widget-container\">\n\t\t\t<h2 class=\"elementor-heading-title elementor-size-xxl\">Professional Career<\/h2>\t\t<\/div>\n\t\t\t\t<\/div>\n\t\t\t\t<div class=\"elementor-element elementor-element-8307d5f elementor-widget-divider--view-line elementor-widget elementor-widget-divider\" data-id=\"8307d5f\" data-element_type=\"widget\" data-widget_type=\"divider.default\">\n\t\t\t\t<div class=\"elementor-widget-container\">\n\t\t\t\t\t<div class=\"elementor-divider\">\n\t\t\t<span class=\"elementor-divider-separator\">\n\t\t\t\t\t\t<\/span>\n\t\t<\/div>\n\t\t\t\t<\/div>\n\t\t\t\t<\/div>\n\t\t\t\t<div class=\"elementor-element elementor-element-50617bc elementor-widget elementor-widget-text-editor\" data-id=\"50617bc\" data-element_type=\"widget\" data-widget_type=\"text-editor.default\">\n\t\t\t\t<div class=\"elementor-widget-container\">\n\t\t\t\t\t<div class=\"elementor-text-editor elementor-clearfix\"><p>An outstanding maiden Challenge Tour season saw him finish runner-up three times and notch up three further top fives as he finished ninth in the Rankings.<\/p><p>He won his first title as a professional on home soil at the 2018 Hopps Open de Provence and went on to regain his European Tour card by finishing inside the top 25 at Final Stage. In 2019 he recorded 6 top 10s on the European Tour including 2nd at the South African Open and 3rd place at the Rolex Series Scottish Open.<\/p><p>Romain earned his maiden DP World Tour title at the ISPS Handa Wales Open in 2020 at Celtic Manor, overturning a five-stroke deficit in the final round with a tournament-low final round 65.<\/p><p>Romain has continued to be very consistent throughout his career. In 2023 he finished 28th in the Race to Dubai Rankings, his best ever finish, qualifying for the 2024 British Open.<\/p><\/div>\n\t\t\t\t<\/div>\n\t\t\t\t<\/div>\n\t\t\t\t\t<\/div>\n\t\t<\/div>\n\t\t\t\t\t\t\t<\/div>\n\t\t<\/section>\n\t\t\t\t\t<\/div>\n\t\t<\/div>\n\t\t\t\t\t\t\t<\/div>\n\t\t<\/section>\n\t\t\t\t\t\t<\/div>\n\t\t\t\t\t<\/div>","protected":false},"excerpt":{"rendered":"<p>D\u00e9but de sa vie Le p\u00e8re de Romain l&rsquo;a initi\u00e9 au golf quand il avait 2 ans et il a eu la piq\u00fbre du golf d\u00e8s le d\u00e9but. Il a fait son premier par \u00e0 4 et a eu son premier handicap par 5. Il commence \u00e0 s&rsquo;entra\u00eener le plus possible au Golf de Saint [&hellip;]<\/p>","protected":false},"author":3,"featured_media":0,"parent":0,"menu_order":0,"comment_status":"closed","ping_status":"closed","template":"","meta":[],"_links":{"self":[{"href":"https:\/\/romainlangasque.com\/en\/wp-json\/wp\/v2\/pages\/1557"}],"collection":[{"href":"https:\/\/romainlangasque.com\/en\/wp-json\/wp\/v2\/pages"}],"about":[{"href":"https:\/\/romainlangasque.com\/en\/wp-json\/wp\/v2\/types\/page"}],"author":[{"embeddable":true,"href":"https:\/\/romainlangasque.com\/en\/wp-json\/wp\/v2\/users\/3"}],"replies":[{"embeddable":true,"href":"https:\/\/romainlangasque.com\/en\/wp-json\/wp\/v2\/comments?post=1557"}],"version-history":[{"count":20,"href":"https:\/\/romainlangasque.com\/en\/wp-json\/wp\/v2\/pages\/1557\/revisions"}],"predecessor-version":[{"id":1692,"href":"https:\/\/romainlangasque.com\/en\/wp-json\/wp\/v2\/pages\/1557\/revisions\/1692"}],"wp:attachment":[{"href":"https:\/\/romainlangasque.com\/en\/wp-json\/wp\/v2\/media?parent=1557"}],"curies":[{"name":"wp","href":"https:\/\/api.w.org\/{rel}","templated":true}]}}