{"id":349,"date":"2018-02-01T08:52:48","date_gmt":"2018-02-01T07:52:48","guid":{"rendered":"http:\/\/romainlangasque.com\/?page_id=349"},"modified":"2021-02-04T11:27:57","modified_gmt":"2021-02-04T10:27:57","slug":"mon-equipe","status":"publish","type":"page","link":"https:\/\/romainlangasque.com\/en\/mon-equipe\/","title":{"rendered":"My team"},"content":{"rendered":"<p><section   class=\"fw-main-row-custom fw-main-row-top fw-section-no-padding  auto  fw-section-position-back tf-sh-e153ab29d690071826fbf7266b6a548d\"    >\n\t\t\t<div class=\"fw-container\" >\n\t\t<div class=\"fw-row\">\n\t<div id=\"column-69f3b6eee9797\" class=\"fw-col-sm-12 tf-sh-88be044c9ac80e9ae7fd9e502ea85978\" >\n\t<div class=\"fw-wrap-col-inner clearfix\"   >\n\t\t\t\t<div class=\"fw-col-inner\">\n\t\t\t<div class=\"fw-raw-code\">\n\t<style>\n.fw-copyright{\n   color:#2b2b2b;\n}\n.fw-copyright a{\n   color:#2b2b2b;\n}\n<\/style>\n<\/div>\t\t<\/div>\n\t<\/div>\n<\/div><\/div>\n\n<div class=\"fw-row\">\n\t<div id=\"column-69f3b6eee9b3b\" class=\"fw-col-sm-12 tf-sh-88be044c9ac80e9ae7fd9e502ea85978\" >\n\t<div class=\"fw-wrap-col-inner clearfix\"   >\n\t\t\t\t<div class=\"fw-col-inner\">\n\t\t\t<div class=\"fw-raw-code  fw-mobile-hide-element\">\n\t<style>\n\n@media (min-width: 767px){\nbody:before{\n  content: \"\";\n  display: block;\n  position: fixed;\n  left: 0;\n  top: 0;\n  width: 100%;\n  height: 100%;\n  background-image: url(\"http:\/\/romainlangasque.com\/wp-content\/uploads\/2018\/02\/Romain.png\");\n  background-repeat: no-repeat;\n  background-size: auto;\n  background-attachment: fixed;\n}\n} \n\n<\/style><\/div>\t\t<\/div>\n\t<\/div>\n<\/div><\/div>\n\n\t<\/div>\n\t<\/section><section   class=\"fw-main-row-custom fw-section-no-padding  auto fw-content-vertical-align-middle fw-section-position-back tf-sh-a97cc68ee5a72845a72262d5d4d1cbc4 team_background\"    >\n\t\t\t<div class=\"fw-container\" >\n\t\t<div class=\"fw-row\">\n\t<div id=\"column-69f3b6eee9dcc\" class=\"fw-col-sm-12 tf-sh-88be044c9ac80e9ae7fd9e502ea85978\" >\n\t<div class=\"fw-wrap-col-inner clearfix\"   >\n\t\t\t\t<div class=\"fw-col-inner\">\n\t\t\t<div class=\"fw-divider-space  fw-custom-space  clearfix\" style=\"height:150px;\" ><\/div>\t\t<\/div>\n\t<\/div>\n<\/div><\/div>\n\n<div class=\"fw-row\">\n\t<div id=\"column-69f3b6eeea2eb\" class=\"fw-col-sm-12 tf-sh-88be044c9ac80e9ae7fd9e502ea85978\" >\n\t<div class=\"fw-wrap-col-inner clearfix\"   >\n\t\t\t\t<div class=\"fw-col-inner\">\n\t\t\t<div class=\"fw-heading fw-heading-right  tf-sh-29459c7dfea060c8adb31963e80a4394\" >\n\t\t\t<h2 class=\"fw-special-title\">MON \u00c9QUIPE<\/h2>\n\t\n\t\n\t<\/div>\t\t<\/div>\n\t<\/div>\n<\/div><\/div>\n\n<div class=\"fw-row\">\n\t<div id=\"column-69f3b6eeea7e3\" class=\"fw-col-sm-12 tf-sh-88be044c9ac80e9ae7fd9e502ea85978\" >\n\t<div class=\"fw-wrap-col-inner clearfix\"   >\n\t\t\t\t<div class=\"fw-col-inner\">\n\t\t\t<div class=\"fw-divider-space  fw-custom-space  clearfix\" style=\"height:100px;\" ><\/div>\t\t<\/div>\n\t<\/div>\n<\/div><\/div>\n\n\t<\/div>\n\t<\/section><section   class=\"fw-main-row-custom fw-section-no-padding  auto  fw-mobile-hide-element fw-section-position-back tf-sh-815a27d56b9697529a55d0e8cfcc1797\"    >\n\t\t\t<div class=\"fw-container\" >\n\t\t<div class=\"fw-row\">\n\t<div id=\"column-69f3b6eeeaaaa\" class=\"fw-col-sm-4 tf-sh-7d6d4536ef597a1a2a3c89a2961c1af8\" >\n\t<div class=\"fw-wrap-col-inner clearfix\"   >\n\t\t\t\t<div class=\"fw-col-inner\">\n\t\t\t\t\t<\/div>\n\t<\/div>\n<\/div><div id=\"column-69f3b6eeeab3c\" class=\"fw-col-sm-4 tf-sh-c013ad1dbb88a7954bf9d7108c047e88  fw-col-no-padding\" >\n\t<div class=\"fw-wrap-col-inner clearfix\"   >\n\t\t\t\t<div class=\"fw-col-inner\">\n\t\t\t\t<div class=\"fw-team tf-sh-b9107a451a9d3c61f891d7478be010f7  fw-content-align-center fw-team-member-type-1\" >\n\t\t\n\t\t<div class=\"fw-team-inner\" style=\"\">\n\t\t\t<div class=\"fw-team-name\">\n\t\t\t\t\t\t\t\t\t<h3>Duncan Reid<\/h3>\n\t\t\t\t\t\t\t\t\t\t\t\t\t<span>Management<\/span>\n\t\t\t\t\t\t\t<\/div>\n\n\t\t\t\n\t\t\t\t\t<\/div>\n\t<\/div>\n\t\t<\/div>\n\t<\/div>\n<\/div><div id=\"column-69f3b6eeeafd4\" class=\"fw-col-sm-4 tf-sh-f94a6e28f6f8c4bb9d298f606a65b6a9\" >\n\t<div class=\"fw-wrap-col-inner clearfix\"   >\n\t\t\t\t<div class=\"fw-col-inner\">\n\t\t\t\t\t<\/div>\n\t<\/div>\n<\/div><\/div>\n\n<div class=\"fw-row\">\n\t<div id=\"column-69f3b6eeeb0f5\" class=\"fw-col-sm-12 tf-sh-88be044c9ac80e9ae7fd9e502ea85978\" >\n\t<div class=\"fw-wrap-col-inner clearfix\"   >\n\t\t\t\t<div class=\"fw-col-inner\">\n\t\t\t<div class=\"fw-divider-space  fw-custom-space  clearfix\" style=\"height:50px;\" ><\/div>\t\t<\/div>\n\t<\/div>\n<\/div><\/div>\n\n\t<\/div>\n\t<\/section><section   class=\"fw-main-row-custom fw-section-no-padding  auto  fw-mobile-hide-element fw-section-position-back tf-sh-7b710e7f553c02496264e1cc4295c650\"    >\n\t\t\t<div class=\"fw-container\" >\n\t\t<div class=\"fw-row\">\n\t<div id=\"column-69f3b6eeeb357\" class=\"fw-col-sm-4 tf-sh-83d1c004da402d3ce1ffc317fd831efb\" >\n\t<div class=\"fw-wrap-col-inner clearfix   fw-column-height-custom\" style=\"height: 200px;\"  >\n\t\t\t\t<div class=\"fw-col-inner\">\n\t\t\t\t\t<\/div>\n\t<\/div>\n<\/div><div id=\"column-69f3b6eeeb3e9\" class=\"fw-col-sm-4 tf-sh-8ca858d12e8e11a148ff31d6e2aca474  fw-col-no-padding\" >\n\t<div class=\"fw-wrap-col-inner clearfix   fw-column-height-custom\" style=\"height: 200px;\"  >\n\t\t\t\t<div class=\"fw-col-inner\">\n\t\t\t\t\t<\/div>\n\t<\/div>\n<\/div><div id=\"column-69f3b6eeeb472\" class=\"fw-col-sm-4 tf-sh-b9f513b135b317a3cc85bd80692b5a62  fw-col-no-padding\" >\n\t<div class=\"fw-wrap-col-inner clearfix\"   >\n\t\t\t\t<div class=\"fw-col-inner\">\n\t\t\t\t<div class=\"fw-team tf-sh-02d1224d74b6cef4d197be083d4bd251  fw-content-align-center fw-team-member-type-1\" >\n\t\t\n\t\t<div class=\"fw-team-inner\" style=\"\">\n\t\t\t<div class=\"fw-team-name\">\n\t\t\t\t\t\t\t\t\t<h3>Mathieu Santerre<\/h3>\n\t\t\t\t\t\t\t\t\t\t\t\t\t<span>Coach technique<\/span>\n\t\t\t\t\t\t\t<\/div>\n\n\t\t\t\n\t\t\t\t\t<\/div>\n\t<\/div>\n\t\t<\/div>\n\t<\/div>\n<\/div><\/div>\n\n<div class=\"fw-row\">\n\t<div id=\"column-69f3b6eeeb634\" class=\"fw-col-sm-12 tf-sh-88be044c9ac80e9ae7fd9e502ea85978\" >\n\t<div class=\"fw-wrap-col-inner clearfix\"   >\n\t\t\t\t<div class=\"fw-col-inner\">\n\t\t\t<div class=\"fw-divider-space  fw-custom-space  clearfix\" style=\"height:50px;\" ><\/div>\t\t<\/div>\n\t<\/div>\n<\/div><\/div>\n\n\t<\/div>\n\t<\/section><section   class=\"fw-main-row-custom fw-section-no-padding  auto  fw-mobile-hide-element fw-section-position-back tf-sh-c131059d10923cf4c20d7876167757cd\"    >\n\t\t\t<div class=\"fw-container\" >\n\t\t<div class=\"fw-row\">\n\t<div id=\"column-69f3b6eeeb892\" class=\"fw-col-sm-4 tf-sh-243a11143314467805ebc8d26e69d695\" >\n\t<div class=\"fw-wrap-col-inner clearfix\"   >\n\t\t\t\t<div class=\"fw-col-inner\">\n\t\t\t\t\t<\/div>\n\t<\/div>\n<\/div><div id=\"column-69f3b6eeeb91f\" class=\"fw-col-sm-4 tf-sh-f41ba0c4ed694633c74f0096cc28bf0c  fw-col-no-padding\" >\n\t<div class=\"fw-wrap-col-inner clearfix\"   >\n\t\t\t\t<div class=\"fw-col-inner\">\n\t\t\t\t<div class=\"fw-team tf-sh-86e2d97242317434aad6d0d1d21e4191  fw-content-align-center fw-team-member-type-1\" >\n\t\t\n\t\t<div class=\"fw-team-inner\" style=\"\">\n\t\t\t<div class=\"fw-team-name\">\n\t\t\t\t\t\t\t\t\t<h3>Meriem Salmi<\/h3>\n\t\t\t\t\t\t\t\t\t\t\t\t\t<span>Psychologue du sport<\/span>\n\t\t\t\t\t\t\t<\/div>\n\n\t\t\t\n\t\t\t\t\t<\/div>\n\t<\/div>\n\t\t<\/div>\n\t<\/div>\n<\/div><div id=\"column-69f3b6eeeba6d\" class=\"fw-col-sm-4 tf-sh-171ce4263ad39fc0142bb690c7fbc075  fw-col-no-padding\" >\n\t<div class=\"fw-wrap-col-inner clearfix   fw-column-height-custom\" style=\"height: 200px;\"  >\n\t\t\t\t<div class=\"fw-col-inner\">\n\t\t\t\t\t<\/div>\n\t<\/div>\n<\/div><\/div>\n\n<div class=\"fw-row\">\n\t<div id=\"column-69f3b6eeebb6f\" class=\"fw-col-sm-12 tf-sh-88be044c9ac80e9ae7fd9e502ea85978\" >\n\t<div class=\"fw-wrap-col-inner clearfix\"   >\n\t\t\t\t<div class=\"fw-col-inner\">\n\t\t\t<div class=\"fw-divider-space  fw-custom-space  clearfix\" style=\"height:50px;\" ><\/div>\t\t<\/div>\n\t<\/div>\n<\/div><\/div>\n\n\t<\/div>\n\t<\/section><section   class=\"fw-main-row-custom fw-section-no-padding  auto  fw-mobile-hide-element fw-section-position-back tf-sh-f66383af28fc3a0261b081e2376eaf2c\"    >\n\t\t\t<div class=\"fw-container\" >\n\t\t<div class=\"fw-row\">\n\t<div id=\"column-69f3b6eeebdbf\" class=\"fw-col-sm-4 tf-sh-55f0c50be07678d187991d0fa4f722ea\" >\n\t<div class=\"fw-wrap-col-inner clearfix\"   >\n\t\t\t\t<div class=\"fw-col-inner\">\n\t\t\t\t\t<\/div>\n\t<\/div>\n<\/div><div id=\"column-69f3b6eeebe4f\" class=\"fw-col-sm-4 tf-sh-ecf127dd010be30d4708b6e0512b62c6  fw-col-no-padding\" >\n\t<div class=\"fw-wrap-col-inner clearfix   fw-column-height-custom\" style=\"height: 200px;\"  >\n\t\t\t\t<div class=\"fw-col-inner\">\n\t\t\t\t\t<\/div>\n\t<\/div>\n<\/div><div id=\"column-69f3b6eeebed8\" class=\"fw-col-sm-4 tf-sh-31fad505389bc3938a1257852f6d6245  fw-col-no-padding\" >\n\t<div class=\"fw-wrap-col-inner clearfix\"   >\n\t\t\t\t<div class=\"fw-col-inner\">\n\t\t\t\t<div class=\"fw-team tf-sh-d75ac3ed651f1998579daca96b29fe54  fw-content-align-center fw-team-member-type-1\" >\n\t\t\n\t\t<div class=\"fw-team-inner\" style=\"\">\n\t\t\t<div class=\"fw-team-name\">\n\t\t\t\t\t\t\t\t\t<h3>David Baudrier<\/h3>\n\t\t\t\t\t\t\t\t\t\t\t\t\t<span>Pr\u00e9parateur physique<\/span>\n\t\t\t\t\t\t\t<\/div>\n\n\t\t\t\n\t\t\t\t\t<\/div>\n\t<\/div>\n\t\t<\/div>\n\t<\/div>\n<\/div><\/div>\n\n<div class=\"fw-row\">\n\t<div id=\"column-69f3b6eeec09b\" class=\"fw-col-sm-12 tf-sh-88be044c9ac80e9ae7fd9e502ea85978\" >\n\t<div class=\"fw-wrap-col-inner clearfix\"   >\n\t\t\t\t<div class=\"fw-col-inner\">\n\t\t\t<div class=\"fw-divider-space  fw-custom-space  clearfix\" style=\"height:50px;\" ><\/div>\t\t<\/div>\n\t<\/div>\n<\/div><\/div>\n\n\t<\/div>\n\t<\/section><section   class=\"fw-main-row-custom fw-section-no-padding  auto  fw-mobile-hide-element fw-section-position-back tf-sh-7d4a56f6916b346b876218404b9fff61\"    >\n\t\t\t<div class=\"fw-container\" >\n\t\t<div class=\"fw-row\">\n\t<div id=\"column-69f3b6eeec2ed\" class=\"fw-col-sm-4 tf-sh-6ab0b69068336e85953f37dfaa98a975\" >\n\t<div class=\"fw-wrap-col-inner clearfix\"   >\n\t\t\t\t<div class=\"fw-col-inner\">\n\t\t\t\t\t<\/div>\n\t<\/div>\n<\/div><div id=\"column-69f3b6eeec374\" class=\"fw-col-sm-4 tf-sh-9f7d7eddfb2279825fc53d73cbfe0fd3  fw-col-no-padding\" >\n\t<div class=\"fw-wrap-col-inner clearfix\"   >\n\t\t\t\t<div class=\"fw-col-inner\">\n\t\t\t\t<div class=\"fw-team tf-sh-a78e72d3a4e7b77026d35717cc78c5c7  fw-content-align-center fw-team-member-type-1\" >\n\t\t\n\t\t<div class=\"fw-team-inner\" style=\"\">\n\t\t\t<div class=\"fw-team-name\">\n\t\t\t\t\t\t\t\t\t<h3>Samuel Bernard<\/h3>\n\t\t\t\t\t\t\t\t\t\t\t\t\t<span>Caddy<\/span>\n\t\t\t\t\t\t\t<\/div>\n\n\t\t\t\n\t\t\t\t\t<\/div>\n\t<\/div>\n\t\t<\/div>\n\t<\/div>\n<\/div><div id=\"column-69f3b6eeec4be\" class=\"fw-col-sm-4 tf-sh-50ab8581af3afee85c2554f82145bdb4  fw-col-no-padding\" >\n\t<div class=\"fw-wrap-col-inner clearfix   fw-column-height-custom\" style=\"height: 200px;\"  >\n\t\t\t\t<div class=\"fw-col-inner\">\n\t\t\t\t\t<\/div>\n\t<\/div>\n<\/div><\/div>\n\n<div class=\"fw-row\">\n\t<div id=\"column-69f3b6eeec5bb\" class=\"fw-col-sm-12 tf-sh-88be044c9ac80e9ae7fd9e502ea85978\" >\n\t<div class=\"fw-wrap-col-inner clearfix\"   >\n\t\t\t\t<div class=\"fw-col-inner\">\n\t\t\t<div class=\"fw-divider-space  fw-custom-space  clearfix\" style=\"height:50px;\" ><\/div>\t\t<\/div>\n\t<\/div>\n<\/div><\/div>\n\n\t<\/div>\n\t<\/section><section   class=\"fw-main-row-custom fw-section-no-padding  auto  fw-mobile-hide-element fw-section-position-back tf-sh-62097fc4385cd63704dcb45a94a315ec\"    >\n\t\t\t<div class=\"fw-container\" >\n\t\t<div class=\"fw-row\">\n\t<div id=\"column-69f3b6eeec810\" class=\"fw-col-sm-4 tf-sh-24ebd67412ffe0a29d1fb0e819e1a315\" >\n\t<div class=\"fw-wrap-col-inner clearfix\"   >\n\t\t\t\t<div class=\"fw-col-inner\">\n\t\t\t\t\t<\/div>\n\t<\/div>\n<\/div><div id=\"column-69f3b6eeec89c\" class=\"fw-col-sm-4 tf-sh-91d904f3709d8414286bc825ac128cab  fw-col-no-padding\" >\n\t<div class=\"fw-wrap-col-inner clearfix   fw-column-height-custom\" style=\"height: 200px;\"  >\n\t\t\t\t<div class=\"fw-col-inner\">\n\t\t\t\t\t<\/div>\n\t<\/div>\n<\/div><div id=\"column-69f3b6eeec923\" class=\"fw-col-sm-4 tf-sh-95113d6d76508d8cef5ef725d81eb71c  fw-col-no-padding\" >\n\t<div class=\"fw-wrap-col-inner clearfix\"   >\n\t\t\t\t<div class=\"fw-col-inner\">\n\t\t\t\t<div class=\"fw-team tf-sh-53e12bcb06ae7bcf35a551fa1e2a7634  fw-content-align-center fw-team-member-type-1\" >\n\t\t\n\t\t<div class=\"fw-team-inner\" style=\"\">\n\t\t\t<div class=\"fw-team-name\">\n\t\t\t\t\t\t\t\t\t<h3>Khelil Baba-Aissa<\/h3>\n\t\t\t\t\t\t\t\t\t\t\t\t\t<span>Caddy Kin\u00e9<\/span>\n\t\t\t\t\t\t\t<\/div>\n\n\t\t\t\n\t\t\t\t\t<\/div>\n\t<\/div>\n\t\t<\/div>\n\t<\/div>\n<\/div><\/div>\n\n<div class=\"fw-row\">\n\t<div id=\"column-69f3b6eeecad4\" class=\"fw-col-sm-12 tf-sh-88be044c9ac80e9ae7fd9e502ea85978\" >\n\t<div class=\"fw-wrap-col-inner clearfix\"   >\n\t\t\t\t<div class=\"fw-col-inner\">\n\t\t\t<div class=\"fw-divider-space  fw-custom-space  clearfix\" style=\"height:50px;\" ><\/div>\t\t<\/div>\n\t<\/div>\n<\/div><\/div>\n\n\t<\/div>\n\t<\/section><section   class=\"fw-main-row-custom fw-section-no-padding  auto  fw-desktop-hide-element fw-tablet-landscape-hide-element fw-tablet-hide-element fw-section-position-back tf-sh-d216e0d303a20a8b23a34cdd9002a219\"    >\n\t\t\t<div class=\"fw-container\" >\n\t\t<div class=\"fw-row\">\n\t<div id=\"column-69f3b6eeecd42\" class=\"fw-col-sm-12 tf-sh-08a4e666bf4ea9cfaab5354e99db6562  fw-col-no-padding\" >\n\t<div class=\"fw-wrap-col-inner clearfix\"   >\n\t\t\t\t<div class=\"fw-col-inner\">\n\t\t\t\t<div class=\"fw-team tf-sh-dc292c9ea381f15a533c5fa6af6451e4  fw-content-align-center fw-team-member-type-1\" >\n\t\t\t\t\t<div style=\"width: 200px;\" class=\"fw-team-image fw-block-image-parent fw-block-image-circle\">\n\t\t\t\t<div class=\"fw-block-image-child fw-ratio-1 fw-ratio-container\"><noscript itemscope itemtype=\"https:\/\/schema.org\/ImageObject\" itemprop=\"image\"><img src=\"https:\/\/romainlangasque.com\/wp-content\/uploads\/2018\/06\/dr-e1530115958266.jpg\"  alt=\"dr-e1530115958266\" data-maxdpr=\"1.7\" width=\"200\" class=\"lazyload\" \/><meta itemprop=\"url\" content=\"https:\/\/romainlangasque.com\/wp-content\/uploads\/2018\/06\/dr-e1530115958266.jpg\"><meta itemprop=\"width\" content=\"175\"><meta itemprop=\"height\" content=\"188\"><\/noscript><img src=\"data:image\/gif;base64,R0lGODlhAQABAIAAAAAAAP\/\/\/yH5BAEAAAAALAAAAAABAAEAAAIBRAA7\" data-sizes=\"auto\" data-srcset=\"https:\/\/romainlangasque.com\/wp-content\/uploads\/2018\/06\/dr-e1530115958266-150x150.jpg 150w\"   alt=\"dr-e1530115958266\" data-maxdpr=\"1.7\" width=\"200\" class=\"lazyload\" \/><\/div>\n\t\t\t<\/div>\n\t\t\n\t\t<div class=\"fw-team-inner\" style=\"\">\n\t\t\t<div class=\"fw-team-name\">\n\t\t\t\t\t\t\t\t\t<h3>Duncan Reid<\/h3>\n\t\t\t\t\t\t\t\t\t\t\t\t\t<span>Management<\/span>\n\t\t\t\t\t\t\t<\/div>\n\n\t\t\t\n\t\t\t\t\t<\/div>\n\t<\/div>\n\t\t<\/div>\n\t<\/div>\n<\/div><\/div>\n\n<div class=\"fw-row\">\n\t<div id=\"column-69f3b6eeed805\" class=\"fw-col-sm-12 tf-sh-5cc0c9c84400170bbd04099ea9edb471  fw-col-no-padding\" >\n\t<div class=\"fw-wrap-col-inner clearfix\"   >\n\t\t\t\t<div class=\"fw-col-inner\">\n\t\t\t\t<div class=\"fw-team tf-sh-2410493109de7b4835d9c564d758a192  fw-content-align-center fw-team-member-type-1\" >\n\t\t\t\t\t<div style=\"width: 200px;\" class=\"fw-team-image fw-block-image-parent fw-block-image-circle\">\n\t\t\t\t<div class=\"fw-block-image-child fw-ratio-1 fw-ratio-container\"><noscript itemscope itemtype=\"https:\/\/schema.org\/ImageObject\" itemprop=\"image\"><img src=\"https:\/\/romainlangasque.com\/wp-content\/uploads\/2018\/08\/IMG-20180815-WA0001.jpg\"  alt=\"IMG-20180815-WA0001\" data-maxdpr=\"1.7\" width=\"200\" class=\"lazyload\" \/><meta itemprop=\"url\" content=\"https:\/\/romainlangasque.com\/wp-content\/uploads\/2018\/08\/IMG-20180815-WA0001.jpg\"><meta itemprop=\"width\" content=\"321\"><meta itemprop=\"height\" content=\"385\"><\/noscript><img src=\"data:image\/gif;base64,R0lGODlhAQABAIAAAAAAAP\/\/\/yH5BAEAAAAALAAAAAABAAEAAAIBRAA7\" data-sizes=\"auto\" data-srcset=\"https:\/\/romainlangasque.com\/wp-content\/uploads\/2018\/08\/IMG-20180815-WA0001-150x150.jpg 150w, https:\/\/romainlangasque.com\/wp-content\/uploads\/2018\/08\/IMG-20180815-WA0001-250x250.jpg 250w, https:\/\/romainlangasque.com\/wp-content\/uploads\/2018\/08\/IMG-20180815-WA0001-300x300.jpg 300w\"   alt=\"IMG-20180815-WA0001\" data-maxdpr=\"1.7\" width=\"200\" class=\"lazyload\" \/><\/div>\n\t\t\t<\/div>\n\t\t\n\t\t<div class=\"fw-team-inner\" style=\"\">\n\t\t\t<div class=\"fw-team-name\">\n\t\t\t\t\t\t\t\t\t<h3>Mike Walker<\/h3>\n\t\t\t\t\t\t\t\t\t\t\t\t\t<span>Coach technique<\/span>\n\t\t\t\t\t\t\t<\/div>\n\n\t\t\t\n\t\t\t\t\t<\/div>\n\t<\/div>\n\t\t<\/div>\n\t<\/div>\n<\/div><\/div>\n\n<div class=\"fw-row\">\n\t<div id=\"column-69f3b6eeee0e5\" class=\"fw-col-sm-12 tf-sh-47ddc7a22b4a61d9c1fff2f14befc96a  fw-col-no-padding\" >\n\t<div class=\"fw-wrap-col-inner clearfix\"   >\n\t\t\t\t<div class=\"fw-col-inner\">\n\t\t\t\t<div class=\"fw-team tf-sh-539e9a26f45450a844ddbd4e9ebe8627  fw-content-align-center fw-team-member-type-1\" >\n\t\t\t\t\t<div style=\"width: 200px;\" class=\"fw-team-image fw-block-image-parent fw-block-image-circle\">\n\t\t\t\t<div class=\"fw-block-image-child fw-noratio fw-ratio-container\"><noscript itemscope itemtype=\"https:\/\/schema.org\/ImageObject\" itemprop=\"image\"><img src=\"https:\/\/romainlangasque.com\/wp-content\/uploads\/2018\/03\/ms-e1530118508387.jpg\"  alt=\"ms\" data-maxdpr=\"1.7\" width=\"200\" class=\"lazyload\" \/><meta itemprop=\"url\" content=\"https:\/\/romainlangasque.com\/wp-content\/uploads\/2018\/03\/ms-e1530118508387.jpg\"><meta itemprop=\"width\" content=\"140\"><meta itemprop=\"height\" content=\"129\"><\/noscript><img src=\"data:image\/gif;base64,R0lGODlhAQABAIAAAAAAAP\/\/\/yH5BAEAAAAALAAAAAABAAEAAAIBRAA7\" data-sizes=\"auto\" data-srcset=\"https:\/\/romainlangasque.com\/wp-content\/uploads\/2018\/03\/ms-e1530118508387.jpg\"   alt=\"ms\" data-maxdpr=\"1.7\" width=\"200\" class=\"lazyload\" \/><span class=\"fw-after-no-ratio\" style=\"padding-bottom: 92.142857142857%\"><\/span><\/div>\n\t\t\t<\/div>\n\t\t\n\t\t<div class=\"fw-team-inner\" style=\"\">\n\t\t\t<div class=\"fw-team-name\">\n\t\t\t\t\t\t\t\t\t<h3>Meriem Salmi<\/h3>\n\t\t\t\t\t\t\t\t\t\t\t\t\t<span>Psychologue du sport<\/span>\n\t\t\t\t\t\t\t<\/div>\n\n\t\t\t\n\t\t\t\t\t<\/div>\n\t<\/div>\n\t\t<\/div>\n\t<\/div>\n<\/div><\/div>\n\n<div class=\"fw-row\">\n\t<div id=\"column-69f3b6eeee89e\" class=\"fw-col-sm-12 tf-sh-fdcf8843bcf8746c8c610cc30f277e28  fw-col-no-padding\" >\n\t<div class=\"fw-wrap-col-inner clearfix\"   >\n\t\t\t\t<div class=\"fw-col-inner\">\n\t\t\t\t<div class=\"fw-team tf-sh-f04d1615c5353563b59fb04a4a00a5b8  fw-content-align-center fw-team-member-type-1\" >\n\t\t\t\t\t<div style=\"width: 200px;\" class=\"fw-team-image fw-block-image-parent fw-block-image-circle\">\n\t\t\t\t<div class=\"fw-block-image-child fw-ratio-1 fw-ratio-container\"><noscript itemscope itemtype=\"https:\/\/schema.org\/ImageObject\" itemprop=\"image\"><img src=\"https:\/\/romainlangasque.com\/wp-content\/uploads\/2018\/02\/calendar.jpg\"  alt=\"calendar\" data-maxdpr=\"1.7\" width=\"200\" class=\"lazyload\" \/><meta itemprop=\"url\" content=\"https:\/\/romainlangasque.com\/wp-content\/uploads\/2018\/02\/calendar.jpg\"><meta itemprop=\"width\" content=\"340\"><meta itemprop=\"height\" content=\"150\"><\/noscript><img src=\"data:image\/gif;base64,R0lGODlhAQABAIAAAAAAAP\/\/\/yH5BAEAAAAALAAAAAABAAEAAAIBRAA7\" data-sizes=\"auto\" data-srcset=\"https:\/\/romainlangasque.com\/wp-content\/uploads\/2018\/02\/calendar-150x150.jpg 150w\"   alt=\"calendar\" data-maxdpr=\"1.7\" width=\"200\" class=\"lazyload\" \/><\/div>\n\t\t\t<\/div>\n\t\t\n\t\t<div class=\"fw-team-inner\" style=\"\">\n\t\t\t<div class=\"fw-team-name\">\n\t\t\t\t\t\t\t\t\t<h3>David Baudrier<\/h3>\n\t\t\t\t\t\t\t\t\t\t\t\t\t<span>Pr\u00e9parateur physique<\/span>\n\t\t\t\t\t\t\t<\/div>\n\n\t\t\t\n\t\t\t\t\t<\/div>\n\t<\/div>\n\t\t<\/div>\n\t<\/div>\n<\/div><\/div>\n\n<div class=\"fw-row\">\n\t<div id=\"column-69f3b6eeeeff9\" class=\"fw-col-sm-12 tf-sh-88be044c9ac80e9ae7fd9e502ea85978\" >\n\t<div class=\"fw-wrap-col-inner clearfix\"   >\n\t\t\t\t<div class=\"fw-col-inner\">\n\t\t\t<div class=\"fw-divider-space  fw-custom-space  clearfix\" style=\"height:50px;\" ><\/div>\t\t<\/div>\n\t<\/div>\n<\/div><\/div>\n\n\t<\/div>\n\t<\/section><\/p>","protected":false},"excerpt":{"rendered":"<p>MON \u00c9QUIPE Duncan Reid Agent Mathieu Santerre Coach technique Meriem Salmi Psychologue du sport David Baudrier Pr\u00e9parateur physique Samuel Bernard Caddy Khelil Baba-Aissa Caddy Kin\u00e9 Duncan Reid Agent Mike Walker Coach technique Meriem Salmi Psychologue du sport David Baudrier Pr\u00e9parateur physique<\/p>","protected":false},"author":2,"featured_media":0,"parent":0,"menu_order":0,"comment_status":"closed","ping_status":"closed","template":"visual-builder-template.php","meta":[],"_links":{"self":[{"href":"https:\/\/romainlangasque.com\/en\/wp-json\/wp\/v2\/pages\/349"}],"collection":[{"href":"https:\/\/romainlangasque.com\/en\/wp-json\/wp\/v2\/pages"}],"about":[{"href":"https:\/\/romainlangasque.com\/en\/wp-json\/wp\/v2\/types\/page"}],"author":[{"embeddable":true,"href":"https:\/\/romainlangasque.com\/en\/wp-json\/wp\/v2\/users\/2"}],"replies":[{"embeddable":true,"href":"https:\/\/romainlangasque.com\/en\/wp-json\/wp\/v2\/comments?post=349"}],"version-history":[{"count":185,"href":"https:\/\/romainlangasque.com\/en\/wp-json\/wp\/v2\/pages\/349\/revisions"}],"predecessor-version":[{"id":1537,"href":"https:\/\/romainlangasque.com\/en\/wp-json\/wp\/v2\/pages\/349\/revisions\/1537"}],"wp:attachment":[{"href":"https:\/\/romainlangasque.com\/en\/wp-json\/wp\/v2\/media?parent=349"}],"curies":[{"name":"wp","href":"https:\/\/api.w.org\/{rel}","templated":true}]}}