{"id":351,"date":"2018-02-01T08:53:07","date_gmt":"2018-02-01T07:53:07","guid":{"rendered":"http:\/\/romainlangasque.com\/?page_id=351"},"modified":"2018-08-15T11:12:39","modified_gmt":"2018-08-15T09:12:39","slug":"ma-carriere","status":"publish","type":"page","link":"https:\/\/romainlangasque.com\/en\/ma-carriere\/","title":{"rendered":"Ma carri\u00e8re"},"content":{"rendered":"<p><section   class=\"fw-main-row-custom fw-main-row-top fw-section-no-padding  auto  fw-desktop-hide-element fw-tablet-landscape-hide-element fw-tablet-hide-element fw-mobile-hide-element fw-section-position-back tf-sh-cd4e818fed9c1085f0e8ce0bc19a8f66\"    >\n\t\t\t<div class=\"fw-container-fluid\" >\n\t\t<div class=\"fw-row\">\n\t<div id=\"column-6a08de6500ac8\" class=\"fw-col-sm-12 tf-sh-3125312f2b83ee50b064c45a8252b55e\" >\n\t<div class=\"fw-wrap-col-inner clearfix\"   >\n\t\t\t\t<div class=\"fw-col-inner\">\n\t\t\t<div class=\"fw-raw-code\">\n\t<style>\n.fw-copyright{\n   color:#2b2b2b;\n}\n.fw-copyright a{\n   color:#2b2b2b;\n}\n<\/style><\/div>\t\t<\/div>\n\t<\/div>\n<\/div><\/div>\n\n<div class=\"fw-row\">\n\t<div id=\"column-6a08de6500d49\" class=\"fw-col-sm-12 tf-sh-3125312f2b83ee50b064c45a8252b55e\" >\n\t<div class=\"fw-wrap-col-inner clearfix\"   >\n\t\t\t\t<div class=\"fw-col-inner\">\n\t\t\t<div class=\"fw-divider-space space-lg  clearfix\"  ><\/div>\t\t<\/div>\n\t<\/div>\n<\/div><\/div>\n\n\t<\/div>\n\t<\/section><section   class=\"fw-main-row-custom  auto fw-content-vertical-align-middle fw-section-position-back tf-sh-ce574dc379dfd1a295763c725c3c6a4e carreer-row\"  style=\" background-color:#f7a24f;\"  >\n\t\t\t<div class=\"fw-container-fluid\" >\n\t\t<div class=\"fw-row\">\n\t<div id=\"column-6a08de6501122\" class=\"fw-col-sm-12 tf-sh-3125312f2b83ee50b064c45a8252b55e\" >\n\t<div class=\"fw-wrap-col-inner clearfix\"   >\n\t\t\t\t<div class=\"fw-col-inner\">\n\t\t\t<div class=\"fw-divider-space space-lg  clearfix\"  ><\/div>\t\t<\/div>\n\t<\/div>\n<\/div><\/div>\n\n<div class=\"fw-row\">\n\t<div id=\"column-6a08de65012ca\" class=\"fw-col-sm-8 tf-sh-9b98d8d9b9b6f2198cedf0225c63a5be\" >\n\t<div class=\"fw-wrap-col-inner clearfix\"   >\n\t\t\t\t<div class=\"fw-col-inner\">\n\t\t\t<div class=\"fw-heading fw-heading-center  tf-sh-ca1fa1ac0a469fcf8f6b2a9701f19f76\" >\n\t\t\t<h2 class=\"fw-special-title\">1995-2008<\/h2>\n\t\n\t\n\t<\/div>\t<div  class=\"fw-divider tf-sh-c933c0428f5075419567428a37e61758  fw-divider-align-center fw-line-solid fw-divider-line space-md\"  style=\"width:50%;  border-color:#eee9e9;\" ><\/div>\n<div class=\"fw-text-box tf-sh-b4da7bc8edb5c1bae9f27639539bda3c\" >\n\t<div class=\"fw-text-inner\">\n\t\t<div style=\"text-align: center;\">I discovered golf with my dad when I was two years old and made my first par at the age of 4 . Obtained my first handicap when I was 5 years old ! You can easily understand why I became big fan of golf! Then I naturally continued to practice each day at the golf of Saint Donat located in Grasse (South of France) with my coach Philippe Larvaron until the age of 13.<\/div>\n\t<\/div>\n<\/div>\t\t<\/div>\n\t<\/div>\n<\/div><div id=\"column-6a08de6501969\" class=\"fw-col-sm-4 tf-sh-a9de369422811955fe55b7ebe328cab0\" >\n\t<div class=\"fw-wrap-col-inner clearfix\"   >\n\t\t\t\t<div class=\"fw-col-inner\">\n\t\t\t\n\t\n\t\t<div class=\"fw-block-image-parent  fw-block-image-circle fw-block-image-center\"  style=\"width: 250px; \">\n\t\t\t<span class=\"fw-block-image-child fw-ratio-1 fw-ratio-container\">\n\t\t\t\t<noscript itemscope itemtype=\"https:\/\/schema.org\/ImageObject\" itemprop=\"image\"><img src=\"https:\/\/romainlangasque.com\/wp-content\/uploads\/2018\/06\/ob_9813c1_mg-5726.jpg\"  alt=\"ob_9813c1_mg-5726\" data-maxdpr=\"1.7\" width=\"250\" class=\"lazyload\" \/><meta itemprop=\"url\" content=\"https:\/\/romainlangasque.com\/wp-content\/uploads\/2018\/06\/ob_9813c1_mg-5726.jpg\"><meta itemprop=\"width\" content=\"1134\"><meta itemprop=\"height\" content=\"756\"><\/noscript><img src=\"data:image\/gif;base64,R0lGODlhAQABAIAAAAAAAP\/\/\/yH5BAEAAAAALAAAAAABAAEAAAIBRAA7\" data-sizes=\"auto\" data-srcset=\"https:\/\/romainlangasque.com\/wp-content\/uploads\/2018\/06\/ob_9813c1_mg-5726-150x150.jpg 150w, https:\/\/romainlangasque.com\/wp-content\/uploads\/2018\/06\/ob_9813c1_mg-5726-250x250.jpg 250w, https:\/\/romainlangasque.com\/wp-content\/uploads\/2018\/06\/ob_9813c1_mg-5726-300x300.jpg 300w\"   alt=\"ob_9813c1_mg-5726\" data-maxdpr=\"1.7\" width=\"250\" class=\"lazyload\" \/>\t\t\t\t\t\t\t<\/span>\n\t\t<\/div>\n\n\t\n\t\t<\/div>\n\t<\/div>\n<\/div><\/div>\n\n\t<\/div>\n\t<\/section><section   class=\"fw-main-row-custom  auto fw-content-vertical-align-middle fw-section-position-back tf-sh-528840c0a7a4e2091ddc6153f0a998cc carreer-row\"  style=\" background-color:#47adb9;\"  >\n\t\t\t<div class=\"fw-container-fluid\" >\n\t\t<div class=\"fw-row\">\n\t<div id=\"column-6a08de65022ef\" class=\"fw-col-sm-4 tf-sh-bdcc5578f6bf38bab079fd9a75e473bb\" >\n\t<div class=\"fw-wrap-col-inner clearfix\"   >\n\t\t\t\t<div class=\"fw-col-inner\">\n\t\t\t\n\t\n\t\t<div class=\"fw-block-image-parent  fw-block-image-circle fw-block-image-center\"  style=\"width: 250px; \">\n\t\t\t<span class=\"fw-block-image-child fw-ratio-1 fw-ratio-container\">\n\t\t\t\t<noscript itemscope itemtype=\"https:\/\/schema.org\/ImageObject\" itemprop=\"image\"><img src=\"https:\/\/romainlangasque.com\/wp-content\/uploads\/2018\/06\/The-RA-477882950.jpg\"  alt=\"CARNOUSTIE, SCOTLAND - JUNE 20:  Romain Langasque of France poses with The Amateur Championship Trophy after winning the Final of The Amateur Championship 2015 - Day Six at Carnoustie Golf Club on June 20, 2015 in Carnoustie, Scotland.  (Photo by Tony Marshall\/R&amp;A\/R&amp;A via Getty Images)\" data-maxdpr=\"1.7\" width=\"250\" class=\"lazyload\" \/><meta itemprop=\"url\" content=\"https:\/\/romainlangasque.com\/wp-content\/uploads\/2018\/06\/The-RA-477882950.jpg\"><meta itemprop=\"width\" content=\"4928\"><meta itemprop=\"height\" content=\"3280\"><\/noscript><img src=\"data:image\/gif;base64,R0lGODlhAQABAIAAAAAAAP\/\/\/yH5BAEAAAAALAAAAAABAAEAAAIBRAA7\" data-sizes=\"auto\" data-srcset=\"https:\/\/romainlangasque.com\/wp-content\/uploads\/2018\/06\/The-RA-477882950-150x150.jpg 150w, https:\/\/romainlangasque.com\/wp-content\/uploads\/2018\/06\/The-RA-477882950-250x250.jpg 250w, https:\/\/romainlangasque.com\/wp-content\/uploads\/2018\/06\/The-RA-477882950-800x800.jpg 800w, https:\/\/romainlangasque.com\/wp-content\/uploads\/2018\/06\/The-RA-477882950-300x300.jpg 300w\"   alt=\"CARNOUSTIE, SCOTLAND - JUNE 20:  Romain Langasque of France poses with The Amateur Championship Trophy after winning the Final of The Amateur Championship 2015 - Day Six at Carnoustie Golf Club on June 20, 2015 in Carnoustie, Scotland.  (Photo by Tony Marshall\/R&amp;A\/R&amp;A via Getty Images)\" data-maxdpr=\"1.7\" width=\"250\" class=\"lazyload\" \/>\t\t\t\t\t\t\t<\/span>\n\t\t<\/div>\n\n\t\n\t\t<\/div>\n\t<\/div>\n<\/div><div id=\"column-6a08de6502795\" class=\"fw-col-sm-8 tf-sh-f2babf39f5ee538b4208139a0fda2b9e\" >\n\t<div class=\"fw-wrap-col-inner clearfix\"   >\n\t\t\t\t<div class=\"fw-col-inner\">\n\t\t\t<div class=\"fw-heading fw-heading-center  tf-sh-c0911aaac27d0647b2e2979cd5a7ef84\" >\n\t\t\t<h2 class=\"fw-special-title\">2008-2013<\/h2>\n\t\n\t\n\t<\/div>\t<div  class=\"fw-divider tf-sh-349a1c427e9d55c2380ba2e833a3a844  fw-divider-align-center fw-line-solid fw-divider-line space-md\"  style=\"width:50%;  border-color:#eee9e9;\" ><\/div>\n<div class=\"fw-text-box tf-sh-8b7f158f21d64b0f2d74b443b0a14a62\" >\n\t<div class=\"fw-text-inner\">\n\t\t<div style=\"text-align: center;\">My results gave me the opportunity to be of the French Federation training section in Antibes (Creps) and to access all levels as: - Pole Espoir Antibes with Matthieu Santerre during three years - Pole France boys with Cyril Gouyon during two years I also obtained my French diploma called Baccalaureat Stmg in 2013, (with mention).<\/div>\n\t<\/div>\n<\/div>\t\t<\/div>\n\t<\/div>\n<\/div><\/div>\n\n\t<\/div>\n\t<\/section><section   class=\"fw-main-row-custom  auto fw-content-vertical-align-middle fw-section-position-back tf-sh-44ea9dd9cb9a8761428a9e7e926e7397 carreer-row\"  style=\" background-color:#a0bb6e;\"  >\n\t\t\t<div class=\"fw-container-fluid\" >\n\t\t<div class=\"fw-row\">\n\t<div id=\"column-6a08de6502ab0\" class=\"fw-col-sm-8 tf-sh-9af6320e609bcfd28958e63987a39522\" >\n\t<div class=\"fw-wrap-col-inner clearfix\"   >\n\t\t\t\t<div class=\"fw-col-inner\">\n\t\t\t<div class=\"fw-heading fw-heading-center  tf-sh-cbf78c0f0d950c552468bab214a0a426\" >\n\t\t\t<h2 class=\"fw-special-title\">2013-2018<\/h2>\n\t\n\t\n\t<\/div>\t<div  class=\"fw-divider tf-sh-850370ebed5e6bce9587de3d7e9d715b  fw-divider-align-center fw-line-solid fw-divider-line space-md\"  style=\"width:50%;  border-color:#eee9e9;\" ><\/div>\n<div class=\"fw-text-box tf-sh-e7557d29e98f8e23784374c5ab27d76b\" >\n\t<div class=\"fw-text-inner\">\n\t\t<div style=\"text-align: center;\">After an incredible victory at the British Amateur in Carnoustie, I concluded my amateur career with a pass cut at the British Open at St Andrews (69th), a magnificent second place on the Challenge Tour in South Africa and a 39th place at the Master of Augusta! My goal now is to get the best possible category on the European Tour!<\/div>\n\t<\/div>\n<\/div>\t\t<\/div>\n\t<\/div>\n<\/div><div id=\"column-6a08de6502c83\" class=\"fw-col-sm-4 tf-sh-8e7071759dd83f885c02224c5c5da3b0\" >\n\t<div class=\"fw-wrap-col-inner clearfix\"   >\n\t\t\t\t<div class=\"fw-col-inner\">\n\t\t\t\n\t\n\t\t<div class=\"fw-block-image-parent  fw-block-image-circle fw-block-image-center\"  style=\"width: 250px; \">\n\t\t\t<span class=\"fw-block-image-child fw-ratio-1 fw-ratio-container\">\n\t\t\t\t<noscript itemscope itemtype=\"https:\/\/schema.org\/ImageObject\" itemprop=\"image\"><img src=\"https:\/\/romainlangasque.com\/wp-content\/uploads\/2018\/06\/GettyImages-519108534.jpg\"  alt=\"AUGUSTA, GEORGIA - APRIL 04:  Amatuer Romain Langasque of France looks on during a practice round prior to the start of the 2016 Masters Tournament at Augusta National Golf Club on April 4, 2016 in Augusta, Georgia.  (Photo by Harry How\/Getty Images)\" data-maxdpr=\"1.7\" width=\"250\" class=\"lazyload\" \/><meta itemprop=\"url\" content=\"https:\/\/romainlangasque.com\/wp-content\/uploads\/2018\/06\/GettyImages-519108534.jpg\"><meta itemprop=\"width\" content=\"3901\"><meta itemprop=\"height\" content=\"2596\"><\/noscript><img src=\"data:image\/gif;base64,R0lGODlhAQABAIAAAAAAAP\/\/\/yH5BAEAAAAALAAAAAABAAEAAAIBRAA7\" data-sizes=\"auto\" data-srcset=\"https:\/\/romainlangasque.com\/wp-content\/uploads\/2018\/06\/GettyImages-519108534-150x150.jpg 150w, https:\/\/romainlangasque.com\/wp-content\/uploads\/2018\/06\/GettyImages-519108534-250x250.jpg 250w, https:\/\/romainlangasque.com\/wp-content\/uploads\/2018\/06\/GettyImages-519108534-800x800.jpg 800w, https:\/\/romainlangasque.com\/wp-content\/uploads\/2018\/06\/GettyImages-519108534-300x300.jpg 300w\"   alt=\"AUGUSTA, GEORGIA - APRIL 04:  Amatuer Romain Langasque of France looks on during a practice round prior to the start of the 2016 Masters Tournament at Augusta National Golf Club on April 4, 2016 in Augusta, Georgia.  (Photo by Harry How\/Getty Images)\" data-maxdpr=\"1.7\" width=\"250\" class=\"lazyload\" \/>\t\t\t\t\t\t\t<\/span>\n\t\t<\/div>\n\n\t\n\t\t<\/div>\n\t<\/div>\n<\/div><\/div>\n\n\t<\/div>\n\t<\/section><\/p>","protected":false},"excerpt":{"rendered":"<p>1995-2008 J\u2019ai d\u00e9couvert le golf \u00e0 2 ans gr\u00e2ce \u00e0 mon p\u00e8re, fait mon premier\u00a0par \u00e0 4 ans sur le compact de St Donat. J\u2019ai obtenu mon premier classement \u00e0 5 ans et demi. Vous l\u2019avez compris, j\u2019ai tout de suite accroch\u00e9 \u00e0 ce sport fabuleux ! J\u2019ai donc continu\u00e9 tout naturellement et me suis [&hellip;]<\/p>","protected":false},"author":2,"featured_media":0,"parent":0,"menu_order":0,"comment_status":"closed","ping_status":"closed","template":"visual-builder-template.php","meta":[],"_links":{"self":[{"href":"https:\/\/romainlangasque.com\/en\/wp-json\/wp\/v2\/pages\/351"}],"collection":[{"href":"https:\/\/romainlangasque.com\/en\/wp-json\/wp\/v2\/pages"}],"about":[{"href":"https:\/\/romainlangasque.com\/en\/wp-json\/wp\/v2\/types\/page"}],"author":[{"embeddable":true,"href":"https:\/\/romainlangasque.com\/en\/wp-json\/wp\/v2\/users\/2"}],"replies":[{"embeddable":true,"href":"https:\/\/romainlangasque.com\/en\/wp-json\/wp\/v2\/comments?post=351"}],"version-history":[{"count":132,"href":"https:\/\/romainlangasque.com\/en\/wp-json\/wp\/v2\/pages\/351\/revisions"}],"predecessor-version":[{"id":1339,"href":"https:\/\/romainlangasque.com\/en\/wp-json\/wp\/v2\/pages\/351\/revisions\/1339"}],"wp:attachment":[{"href":"https:\/\/romainlangasque.com\/en\/wp-json\/wp\/v2\/media?parent=351"}],"curies":[{"name":"wp","href":"https:\/\/api.w.org\/{rel}","templated":true}]}}