{"id":506,"date":"2018-02-06T17:56:40","date_gmt":"2018-02-06T16:56:40","guid":{"rendered":"http:\/\/romainlangasque.com\/?page_id=506"},"modified":"2022-02-23T13:53:25","modified_gmt":"2022-02-23T12:53:25","slug":"accueil","status":"publish","type":"page","link":"https:\/\/romainlangasque.com\/en\/","title":{"rendered":"Accueil"},"content":{"rendered":"<section   class=\"fw-main-row-custom fw-main-row-top  auto  fw-section-position-back tf-sh-1bdf1fe162707647e96acc03e1c9161c\"    >\n\t\t\t<div class=\"fw-container\" >\n\t\t<div class=\"fw-row\">\n\t<div id=\"column-69e07a0ee2dbc\" class=\"fw-col-sm-12 tf-sh-be7367723d6003a5816326db3243a43c\" >\n\t<div class=\"fw-wrap-col-inner clearfix\"   >\n\t\t\t\t<div class=\"fw-col-inner\">\n\t\t\t<div class=\"fw-raw-code\">\n\t<div class=\"container-fluid\">\n        <div class=\"row title\">\n            <h1>Romain Langasque\n            <\/h1>\n        <\/div>\n    <\/div>\n    <div class=\"contentAll\">\n        <div class=\"row left\">\n            <h2 class=\"title_content\">My Career<\/h2>\n            <div class=\"content\">\n                <p>From first picking up a club aged 4, to my maiden DP World Tour win\n                <\/p>\n  <a class=\"btn btn-more\" href=\"\/carriere\">SEE MORE<\/a>\n            <\/div>\n        <\/div>\n        <div class=\"row right\">\n            <h2 class=\"title_content\">My bag<\/h2>\n            <div class=\"content\">\n                <p>My clubs, my settings, my equipment ...\n                <\/p>\n                <a class=\"btn btn-more\" href=\"\/sac\">SEE MY BAG<\/a>\n            <\/div>\n        <\/div>\n        <div class=\"row left\">\n            <h2 class=\"title_content\">My team<\/h2>\n            <div class=\"content\">\n                <p><\/p>\n  <a class=\"btn btn-more\" href=\"\/equipe\">Meet<\/a>\n            <\/div>\n        <\/div>\n        <div class=\"row right\">\n            <h2 class=\"title_content\">My partners<\/h2>\n            <div class=\"content\">\n                           <a class=\"btn btn-more\" href=\"\/mes-partenaires-2\">Discover<\/a>\n            <\/div>\n        <\/div>\n    <div class=\"row left\">\n        <h2 class=\"title_content\">My calendar<\/h2>\n        <div class=\"content\">\n            <a class=\"btn btn-more\" href=\"https:\/\/www.europeantour.com\/european-tour\/schedule\/\">Show<\/a>\n        <\/div>\n    <\/div><\/div>\t\t<\/div>\n\t<\/div>\n<\/div><\/div>\n\n<div class=\"fw-row\">\n\t<div id=\"column-69e07a0ee303e\" class=\"fw-col-sm-12 tf-sh-be7367723d6003a5816326db3243a43c\" >\n\t<div class=\"fw-wrap-col-inner clearfix\"   >\n\t\t\t\t<div class=\"fw-col-inner\">\n\t\t\t<div class=\"fw-raw-code\">\n\t<style>\nhtml{\n  font-size: 16px;\n}\nbody:before {\n  content: \"\";\n  display: block;\n  position: fixed;\n  left: 0;\n  top: 0;\n  width: 100%;\n  height: 100%;\n  z-index: 0;\n  background: linear-gradient(to top, rgba(0,0,0,0.95) 0%,rgba(0,0,0,0) 100%), url(https:\/\/romainlangasque.com\/wp-content\/uploads\/2022\/02\/RL_action_driver_0122.jpg) no-repeat;\nbackground-size: 100% auto;\n}\n\n.row.title {\n  height: 125vh;\n  z-index: 2;\n}\n\n.row {\n  margin: 0;\n  text-align: center;\n}\n\nh1 {\n  margin-top: 70vh;\n  font-family: 'Oswald';\n  font-size: 8rem;\n  line-height: 8.75rem;\n  font-weight: 700;\n  color: #eee9e9;\n  text-transform: uppercase;\n  opacity: 0.8;\n}\n\nh2 {\n  font-family: 'Oswald';\n  font-weight: 700;\n  font-size: 72px;\n  color: #eee9e9;\n  padding-bottom: 10px;\n}\n.btn-more{\n  color: #eee9e9;\n}\n.row.left .title_content {\n  border-bottom: 3px solid rgb(255, 255, 255);\n}\n.row.right .title_content {\n  border-bottom: 3px solid rgb(255, 255, 255);\n}\n\n.contentAll {\n  margin: 0 auto;\n  margin-top: 150px;\n  width: 85%;\n  height: 100%;\n  text-align: center;\n  z-index: 1;\n}\n\n.contentAll .row {\n  margin-bottom: 20px;\n}\n.row.left{\n  width: 50%;\nheight:25vh;\n  text-align: center;\n}\n.row.right{\n  margin-left: 50%;\n  width: 50%;\nheight:25vh;\n  text-align: center;\n}\n\n.contentAll>.row>.content {\n  padding-bottom: 15px;\n}\n\n.content {\n  color: white;\n  font-size: 16px;\n  font-family: \"Open sans\";\n  font-weight: 500;\n}\n\n.footer p {\n  color: #eee9e9;\n  font-size: 16px;\n  font-weight: 500;\n}\n\n.footer {\n  padding-top: 50px;\n  width: 100%;\n  height: 200px;\n  text-align: center;\n}\n\n@media screen and (min-width: 200px) and (max-width: 400px) {\n\n  h1 {\n    font-size: 4rem;\n    margin-top: 50vh;\n    line-height: 5rem;\n  }\n  h2 {\n    font-size: 1.875rem;\n  }\n  .contentAll {\n    margin: 0 auto;\n    width: 80%;\n    height: 100%;\n    text-align: center;\n  }\n  .row.left {\n    width: 100%;\nheight:50vh;\n    text-align: center;\n  }\n  .row.right{\n    margin-left: 0;\n    width: 100%;\nheight:50vh;\n    text-align: center;\n  }\nbody:before {\n  content: \"\";\n  display: block;\n  position: fixed;\n  left: 0;\n  top: 0;\n  width: 100%;\n  height: 100%;\n  z-index: 0;\n  background: linear-gradient(to top, rgba(0,0,0,0.95) 0%,rgba(0,0,0,0) 100%), url(https:\/\/romainlangasque.com\/wp-content\/uploads\/2021\/02\/Shooting-16.11.2016-Colmar-45-scaled.jpg) no-repeat;\n  background-size: cover;\n}\n}\n\n@media screen and (min-width: 400px) and (max-width: 640px) {\n  body {\n    background-repeat: no-repeat;\n    background-size: 100% auto;\n    background-attachment: fixed;\n  }\nbody:before {\n  content: \"\";\n  display: block;\n  position: fixed;\n  left: 0;\n  top: 0;\n  width: 100%;\n  height: 100%;\n  z-index: 0;\n  background: linear-gradient(to top, rgba(0,0,0,0.95) 0%,rgba(0,0,0,0) 100%), url(https:\/\/romainlangasque.com\/wp-content\/uploads\/2021\/02\/Shooting-16.11.2016-Colmar-45-scaled.jpg) no-repeat;\n  background-size: cover;\n}\n  h1 {\n    font-size: 5rem;\n    margin-top: 75vh;\n    line-height: 6rem;\n  }\n  h2 {\n    font-size: 2.875rem;\n  }\n  .contentAll {\n    margin: 0 auto;\n    width: 80%;\n    height: 100%;\n    text-align: center;\n  }\n  .row.left{\n    width: 100%;\nheight:50vh;\n    text-align: center;\n  }\n  .row.right{\n    margin-left: 0;\n    width: 100%;\nheight:50vh;\n    text-align: center;\n  }\n}\n\n@media screen and (min-width: 640px) and (max-width: 1250px) {\n  h1 {\n    font-size: 7rem;\n    margin-top: 80vh;\n    line-height: 7rem;\n  }\n  h2 {\n    font-size: 2.875rem;\n  }\n  .contentAll {\n    margin: 0 auto;\n    margin-top: 100px;\n    width: 50%;\n    height: 100%;\n    text-align: center;\n  }\n  .row.left{\n    width: 100%;\nheight:50vh;\n    text-align: center;\n  }\n  .row.right{\n    margin-left: 0;\n    width: 100%;\nheight:50vh;\n    text-align: center;\n  }\n}\n<\/style><\/div>\t\t<\/div>\n\t<\/div>\n<\/div><\/div>\n\n\t<\/div>\n\t<\/section>","protected":false},"excerpt":{"rendered":"<p>Romain Langasque Ma Carri\u00e8re De la premi\u00e8re s\u00e9lection d&rsquo;un club \u00e0 l&rsquo;\u00e2ge de 4 ans \u00e0 ma premi\u00e8re victoire sur le DP World Tour&#8230; VOIR PLUS Mon sac Mes clubs, mes r\u00e9glages, mes \u00e9quipements&#8230; VOIR MON SAC Mon \u00e9quipe LA CONNAITRE Mes partenaires LES DECOUVRIR Mon calendrier VOIR LES DATES<\/p>","protected":false},"author":3,"featured_media":0,"parent":0,"menu_order":0,"comment_status":"closed","ping_status":"closed","template":"visual-builder-template.php","meta":[],"_links":{"self":[{"href":"https:\/\/romainlangasque.com\/en\/wp-json\/wp\/v2\/pages\/506"}],"collection":[{"href":"https:\/\/romainlangasque.com\/en\/wp-json\/wp\/v2\/pages"}],"about":[{"href":"https:\/\/romainlangasque.com\/en\/wp-json\/wp\/v2\/types\/page"}],"author":[{"embeddable":true,"href":"https:\/\/romainlangasque.com\/en\/wp-json\/wp\/v2\/users\/3"}],"replies":[{"embeddable":true,"href":"https:\/\/romainlangasque.com\/en\/wp-json\/wp\/v2\/comments?post=506"}],"version-history":[{"count":56,"href":"https:\/\/romainlangasque.com\/en\/wp-json\/wp\/v2\/pages\/506\/revisions"}],"predecessor-version":[{"id":1646,"href":"https:\/\/romainlangasque.com\/en\/wp-json\/wp\/v2\/pages\/506\/revisions\/1646"}],"wp:attachment":[{"href":"https:\/\/romainlangasque.com\/en\/wp-json\/wp\/v2\/media?parent=506"}],"curies":[{"name":"wp","href":"https:\/\/api.w.org\/{rel}","templated":true}]}}