{"id":795,"date":"2018-02-08T17:02:50","date_gmt":"2018-02-08T16:02:50","guid":{"rendered":"http:\/\/romainlangasque.com\/?page_id=795"},"modified":"2021-02-04T14:35:18","modified_gmt":"2021-02-04T13:35:18","slug":"contact","status":"publish","type":"page","link":"https:\/\/romainlangasque.com\/en\/contact\/","title":{"rendered":"CONTACT"},"content":{"rendered":"<section   class=\"fw-main-row-custom fw-main-row-top  auto  fw-section-position-back tf-sh-04363082b9e72b645c1ff8c554284fde\"    >\n\t\t\t<div class=\"fw-container\" >\n\t\t<div class=\"fw-row\">\n\t<div id=\"column-69f229bd78bee\" class=\"fw-col-sm-12 tf-sh-def3d503eb3300bd93c2c19e77dec1c7\" >\n\t<div class=\"fw-wrap-col-inner clearfix\"   >\n\t\t\t\t<div class=\"fw-col-inner\">\n\t\t\t<div class=\"fw-divider-space  fw-custom-space  clearfix\" style=\"height:50px;\" ><\/div>\t\t<\/div>\n\t<\/div>\n<\/div><\/div>\n\n<div class=\"fw-row\">\n\t<div id=\"column-69f229bd78f24\" class=\"fw-col-sm-12 tf-sh-02db0cc45fe25421c967cd900c75b748\" >\n\t<div class=\"fw-wrap-col-inner clearfix\"   >\n\t\t\t\t<div class=\"fw-col-inner\">\n\t\t\t<div class=\"fw-contact-form tf-sh-aec401e7f5bee08953fcc29abc6637f5\" data-redirect-page=\"http:\/\/romainlangasque.com\">\n\t<div class=\"fw-row wrap-forms wrap-contact-forms\">\n\t\t<form data-fw-form-id=\"fw_form\" method=\"post\" action=\"https:\/\/romainlangasque.com\/en\/wp-json\/wp\/v2\/pages\/795\" class=\"fw_form_fw_form\" data-fw-ext-forms-type=\"contact-forms\" data-trp-original-action=\"https:\/\/romainlangasque.com\/en\/wp-json\/wp\/v2\/pages\/795\"  ><input type=\"hidden\" name=\"fwf\" value=\"fw_form\" \/><input type=\"hidden\" id=\"_nonce_d8a1132d275255b55082512d1be04b90\" name=\"_nonce_d8a1132d275255b55082512d1be04b90\" value=\"b7594b1335\" \/><input type=\"hidden\" name=\"_wp_http_referer\" value=\"\/en\/wp-json\/wp\/v2\/pages\/795\" \/><input type=\"hidden\" name=\"fw_ext_forms_form_type\" value=\"contact-forms\" \/><input type=\"hidden\" name=\"fw_ext_forms_form_id\" value=\"aec401e7f5bee08953fcc29abc6637f5\" \/><div class=\"fw-row\"><div class=\"header title\">\n\t<h2 class=\"fw-contact-form-title\">CONTACT<\/h2>\n\t<\/div><\/div><div class=\"fw-row\"><div class=\"fw-col-xs-12 fw-col-sm-4 form-builder-item\">\n\t<div class=\"field-text\">\n\t\t\t\t\t<label for=\"id-1\">Fullname\t\t\t\t<sup>*<\/sup>\t\t\t<\/label>\n\t\t\t\t<input type=\"text\" name=\"text_82d637c\" placeholder=\"\" value=\"\" id=\"id-1\" class=\"required\" >\n\t\t\t<\/div>\n<\/div><div class=\"fw-col-xs-12 fw-col-sm-4 form-builder-item\">\n\t<div class=\"field-text\">\n\t\t\t\t\t<label for=\"id-2\">Phone number\t\t\t\t\t\t\t<\/label>\n\t\t\t\t<input type=\"text\" name=\"text_6ccdef9\" placeholder=\"\" value=\"\" id=\"id-2\" >\n\t\t\t<\/div>\n<\/div><div class=\"fw-col-xs-12 fw-col-sm-4 form-builder-item\">\n\t<div class=\"field-text\">\n\t\t\t\t\t<label for=\"id-3\">Mail\t\t\t\t<sup>*<\/sup>\t\t\t<\/label>\n\t\t\t\t<input type=\"text\" name=\"email_f372020\" placeholder=\"\" value=\"\" id=\"id-3\" class=\"required\" >\n\t\t\t<\/div>\n<\/div><\/div><div class=\"fw-row\"><div class=\"fw-col-xs-12 form-builder-item\">\n\t<div class=\"field-textarea\">\n\t\t\t\t\t<label for=\"id-4\">Message\t\t\t\t<sup>*<\/sup>\t\t\t<\/label>\n\t\t\t\t<textarea name=\"textarea_f8d4a83\" placeholder=\"\" id=\"id-4\" class=\"required\" ><\/textarea>\n\t\t\t<\/div>\n<\/div><\/div><div class=\"fw-row\"><div class=\"fw-col-xs-12 fw-col-sm-4 form-builder-item\">\n\t<div class=\"field-recaptcha\">\n\t\t<label>Recaptcha<\/label>\n\t\t<input type=\"hidden\" name=\"recaptcha_d00f50c\">\n\t\t<div class=\"form-builder-item-recaptcha\" ><\/div>\n\t<\/div>\n<\/div><\/div><div class=\"fw-row\">\n\t\t\t<div class=\"fw-col-sm-12 field-submit text-left\">\n\t\t\t<button type=\"submit\" class=\"fw-btn  fw-btn-md fw-btn-1\" style=\"\">\n\t\t\t\t<span>\n\t\t\t\t\t\t\t\t\t\t\tSEND\t\t\t\t\t\t\t\t\t<\/span>\n\t\t\t<\/button>\n\t\t<\/div>\n\t<\/div><input type=\"hidden\" name=\"trp-form-language\" value=\"en\"\/><\/form>\t<\/div>\n<\/div>\t\t<\/div>\n\t<\/div>\n<\/div><\/div>\n\n\t<\/div>\n\t<\/section>","protected":false},"excerpt":{"rendered":"<p>CONTACTEZ-MOI Nom et pr\u00e9nom * T\u00e9l\u00e9phone Email * Message * Recaptcha ENVOYER<\/p>","protected":false},"author":3,"featured_media":0,"parent":0,"menu_order":0,"comment_status":"closed","ping_status":"closed","template":"visual-builder-template.php","meta":[],"_links":{"self":[{"href":"https:\/\/romainlangasque.com\/en\/wp-json\/wp\/v2\/pages\/795"}],"collection":[{"href":"https:\/\/romainlangasque.com\/en\/wp-json\/wp\/v2\/pages"}],"about":[{"href":"https:\/\/romainlangasque.com\/en\/wp-json\/wp\/v2\/types\/page"}],"author":[{"embeddable":true,"href":"https:\/\/romainlangasque.com\/en\/wp-json\/wp\/v2\/users\/3"}],"replies":[{"embeddable":true,"href":"https:\/\/romainlangasque.com\/en\/wp-json\/wp\/v2\/comments?post=795"}],"version-history":[{"count":18,"href":"https:\/\/romainlangasque.com\/en\/wp-json\/wp\/v2\/pages\/795\/revisions"}],"predecessor-version":[{"id":1597,"href":"https:\/\/romainlangasque.com\/en\/wp-json\/wp\/v2\/pages\/795\/revisions\/1597"}],"wp:attachment":[{"href":"https:\/\/romainlangasque.com\/en\/wp-json\/wp\/v2\/media?parent=795"}],"curies":[{"name":"wp","href":"https:\/\/api.w.org\/{rel}","templated":true}]}}